{"id":4327,"date":"2014-12-17T17:47:37","date_gmt":"2014-12-17T16:47:37","guid":{"rendered":"https:\/\/undsgn.com\/uncode\/?page_id=4327"},"modified":"2019-04-26T12:09:21","modified_gmt":"2019-04-26T12:09:21","slug":"jaunumi","status":"publish","type":"page","link":"https:\/\/www.rigasacappellafestivals.lv\/en\/jaunumi\/","title":{"rendered":"News"},"content":{"rendered":"<div class=\"wpb-content-wrapper\"><div data-parent=\"true\" class=\"vc_row style-color-lxmt-bg row-container\" id=\"row-unique-0\"><div class=\"row single-top-padding double-bottom-padding single-h-padding limit-width row-parent\"><div class=\"wpb_row row-inner\"><div class=\"wpb_column pos-top pos-center align_left column_parent col-lg-12 single-internal-gutter\"><div class=\"uncol style-light\"  ><div class=\"uncoltable\"><div class=\"uncell no-block-padding\" ><div class=\"uncont\" ><div id=\"index-15588655905\" class=\"isotope-system isotope-general-light grid-general-light\" >\n\t\t\t\t\t\n\t\t\t\t\t\t\t\t\t\t\t\t\t\t<div class=\"isotope-wrapper grid-wrapper half-gutter\" >\t\t\t\t\t\t\t\t\t\t\t\t<div class=\"isotope-container grid-container isotope-layout style-masonry isotope-pagination grid-pagination\" data-type=\"masonry\" data-layout=\"fitRows\" data-lg=\"1000\" data-md=\"900\" data-sm=\"480\" data-vp-height=\"\">\t\t\t<div class=\"tmb atc-typography-inherit tmb-iso-w4 tmb-iso-h4 tmb-round img-round-xs tmb-light tmb-text-showed tmb-content-left tmb-image-anim tmb-shadowed tmb-shadowed-sm  grid-cat-108 tmb-id-80217 tmb-img-ratio tmb-content-under tmb-media-first\" ><div class=\"t-inside style-color-xsdn-bg animate_when_almost_visible bottom-t-top\" data-delay=\"200\"><div class=\"t-entry-visual\"><div class=\"t-entry-visual-tc\"><div class=\"t-entry-visual-cont\"><span class=\"t-cat-over single-block-padding t-cat-over-topright\"><span class=\"t-entry-category t-entry-category-108 t-cat-over-inner\"><a class=\"style-accent-bg tmb-term-evidence font-ui\" href=\"https:\/\/www.rigasacappellafestivals.lv\/en\/category\/jaunumi\/\">News<\/a><\/span><\/span><div class=\"dummy\" style=\"padding-top: 66.7%;\"><\/div><a role=\"button\" tabindex=\"-1\" href=\"https:\/\/www.rigasacappellafestivals.lv\/en\/2025-new\/\" class=\"pushed\" target=\"_self\" data-lb-index=\"0\"><div class=\"t-entry-visual-overlay\"><div class=\"t-entry-visual-overlay-in style-dark-bg\" style=\"opacity: 0.5;\"><\/div><\/div><img decoding=\"async\" class=\"wp-image-79357\" src=\"https:\/\/www.rigasacappellafestivals.lv\/wp-content\/uploads\/2020\/06\/image-web-horizon-uai-1098x732.jpg\" width=\"1098\" height=\"732\" alt=\"\" srcset=\"https:\/\/www.rigasacappellafestivals.lv\/wp-content\/uploads\/2020\/06\/image-web-horizon-uai-1098x732.jpg 1098w, https:\/\/www.rigasacappellafestivals.lv\/wp-content\/uploads\/2020\/06\/image-web-horizon-uai-720x480.jpg 720w, https:\/\/www.rigasacappellafestivals.lv\/wp-content\/uploads\/2020\/06\/image-web-horizon-uai-1032x688.jpg 1032w\" sizes=\"(max-width: 1098px) 100vw, 1098px\" \/><\/a><\/div>\n\t\t\t\t\t<\/div>\n\t\t\t\t<\/div><div class=\"t-entry-text\">\n\t\t\t\t\t\t\t\t\t<div class=\"t-entry-text-tc single-block-padding\"><div class=\"t-entry\"><p class=\"t-entry-meta\"><span class=\"t-entry-date\">April 26, 2025<\/span><\/p><h2 class=\"t-entry-title h4 fontheight-357766 fontspace-781688 title-scale\"><a href=\"https:\/\/www.rigasacappellafestivals.lv\/en\/2025-new\/\" target=\"_self\">Riga A Cappella Festival 2025<\/a><\/h2><div class=\"t-entry-excerpt\"><p>Riga A Cappella Festival 2025\n<\/p><\/div><\/div><\/div>\n\t\t\t\t\t\t\t<\/div><\/div><\/div><div class=\"tmb atc-typography-inherit tmb-iso-w4 tmb-iso-h4 tmb-round img-round-xs tmb-light tmb-text-showed tmb-content-left tmb-image-anim tmb-shadowed tmb-shadowed-sm  grid-cat-108 tmb-id-80207 tmb-img-ratio tmb-content-under tmb-media-first\" ><div class=\"t-inside style-color-xsdn-bg animate_when_almost_visible bottom-t-top\" data-delay=\"200\"><div class=\"t-entry-visual\"><div class=\"t-entry-visual-tc\"><div class=\"t-entry-visual-cont\"><span class=\"t-cat-over single-block-padding t-cat-over-topright\"><span class=\"t-entry-category t-entry-category-108 t-cat-over-inner\"><a class=\"style-accent-bg tmb-term-evidence font-ui\" href=\"https:\/\/www.rigasacappellafestivals.lv\/en\/category\/jaunumi\/\">News<\/a><\/span><\/span><div class=\"dummy\" style=\"padding-top: 66.7%;\"><\/div><a role=\"button\" tabindex=\"-1\" href=\"https:\/\/www.rigasacappellafestivals.lv\/en\/festivala-ietvaros-tiks-pirmatskanota-programma-uguns-vardi\/\" class=\"pushed\" target=\"_self\" data-lb-index=\"1\"><div class=\"t-entry-visual-overlay\"><div class=\"t-entry-visual-overlay-in style-dark-bg\" style=\"opacity: 0.5;\"><\/div><\/div><img decoding=\"async\" class=\"wp-image-80208\" src=\"https:\/\/www.rigasacappellafestivals.lv\/wp-content\/uploads\/2024\/10\/DSC1066-Edit-scaled-uai-2554x1703.jpg\" width=\"2554\" height=\"1703\" alt=\"\" srcset=\"https:\/\/www.rigasacappellafestivals.lv\/wp-content\/uploads\/2024\/10\/DSC1066-Edit-scaled-uai-2554x1703.jpg 2554w, https:\/\/www.rigasacappellafestivals.lv\/wp-content\/uploads\/2024\/10\/DSC1066-Edit-300x200.jpg 300w, https:\/\/www.rigasacappellafestivals.lv\/wp-content\/uploads\/2024\/10\/DSC1066-Edit-768x511.jpg 768w, https:\/\/www.rigasacappellafestivals.lv\/wp-content\/uploads\/2024\/10\/DSC1066-Edit-350x233.jpg 350w, https:\/\/www.rigasacappellafestivals.lv\/wp-content\/uploads\/2024\/10\/DSC1066-Edit-scaled-uai-720x480.jpg 720w, https:\/\/www.rigasacappellafestivals.lv\/wp-content\/uploads\/2024\/10\/DSC1066-Edit-scaled-uai-1032x688.jpg 1032w\" sizes=\"(max-width: 2554px) 100vw, 2554px\" \/><\/a><\/div>\n\t\t\t\t\t<\/div>\n\t\t\t\t<\/div><div class=\"t-entry-text\">\n\t\t\t\t\t\t\t\t\t<div class=\"t-entry-text-tc single-block-padding\"><div class=\"t-entry\"><p class=\"t-entry-meta\"><span class=\"t-entry-date\">October 26, 2024<\/span><\/p><h2 class=\"t-entry-title h4 fontheight-357766 fontspace-781688 title-scale\"><a href=\"https:\/\/www.rigasacappellafestivals.lv\/en\/festivala-ietvaros-tiks-pirmatskanota-programma-uguns-vardi\/\" target=\"_self\">Contemporary music programme Words of Fire<\/a><\/h2><div class=\"t-entry-excerpt\"><p>Words of Fire\n<\/p><\/div><\/div><\/div>\n\t\t\t\t\t\t\t<\/div><\/div><\/div><div class=\"tmb atc-typography-inherit tmb-iso-w4 tmb-iso-h4 tmb-round img-round-xs tmb-light tmb-text-showed tmb-content-left tmb-image-anim tmb-shadowed tmb-shadowed-sm  grid-cat-108 tmb-id-80119 tmb-img-ratio tmb-content-under tmb-media-first\" ><div class=\"t-inside style-color-xsdn-bg animate_when_almost_visible bottom-t-top\" data-delay=\"200\"><div class=\"t-entry-visual\"><div class=\"t-entry-visual-tc\"><div class=\"t-entry-visual-cont\"><span class=\"t-cat-over single-block-padding t-cat-over-topright\"><span class=\"t-entry-category t-entry-category-108 t-cat-over-inner\"><a class=\"style-accent-bg tmb-term-evidence font-ui\" href=\"https:\/\/www.rigasacappellafestivals.lv\/en\/category\/jaunumi\/\">News<\/a><\/span><\/span><div class=\"dummy\" style=\"padding-top: 66.6%;\"><\/div><a role=\"button\" tabindex=\"-1\" href=\"https:\/\/www.rigasacappellafestivals.lv\/en\/dziesmas-bez-vardiem\/\" class=\"pushed\" target=\"_self\" data-lb-index=\"2\"><div class=\"t-entry-visual-overlay\"><div class=\"t-entry-visual-overlay-in style-dark-bg\" style=\"opacity: 0.5;\"><\/div><\/div><img decoding=\"async\" class=\"wp-image-80124\" src=\"https:\/\/www.rigasacappellafestivals.lv\/wp-content\/uploads\/2024\/08\/LRK-Deinats-2022_7765-uai-320x213.jpeg\" width=\"320\" height=\"213\" alt=\"\" \/><\/a><\/div>\n\t\t\t\t\t<\/div>\n\t\t\t\t<\/div><div class=\"t-entry-text\">\n\t\t\t\t\t\t\t\t\t<div class=\"t-entry-text-tc single-block-padding\"><div class=\"t-entry\"><p class=\"t-entry-meta\"><span class=\"t-entry-date\">August 29, 2024<\/span><\/p><h2 class=\"t-entry-title h4 fontheight-357766 fontspace-781688 title-scale\"><a href=\"https:\/\/www.rigasacappellafestivals.lv\/en\/dziesmas-bez-vardiem\/\" target=\"_self\">Latvian Radio Choir to premiere new programme Conversations without Words<\/a><\/h2><div class=\"t-entry-excerpt\"><p>Conversations without words\n<\/p><\/div><\/div><\/div>\n\t\t\t\t\t\t\t<\/div><\/div><\/div><div class=\"tmb atc-typography-inherit tmb-iso-w4 tmb-iso-h4 tmb-round img-round-xs tmb-light tmb-text-showed tmb-content-left tmb-image-anim tmb-shadowed tmb-shadowed-sm  grid-cat-108 tmb-id-80065 tmb-img-ratio tmb-content-under tmb-media-first\" ><div class=\"t-inside style-color-xsdn-bg animate_when_almost_visible bottom-t-top\" data-delay=\"200\"><div class=\"t-entry-visual\"><div class=\"t-entry-visual-tc\"><div class=\"t-entry-visual-cont\"><span class=\"t-cat-over single-block-padding t-cat-over-topright\"><span class=\"t-entry-category t-entry-category-108 t-cat-over-inner\"><a class=\"style-accent-bg tmb-term-evidence font-ui\" href=\"https:\/\/www.rigasacappellafestivals.lv\/en\/category\/jaunumi\/\">News<\/a><\/span><\/span><div class=\"dummy\" style=\"padding-top: 66.7%;\"><\/div><a role=\"button\" tabindex=\"-1\" href=\"https:\/\/www.rigasacappellafestivals.lv\/en\/rigas-acappella-festivals-sporta-2\/\" class=\"pushed\" target=\"_self\" data-lb-index=\"3\"><div class=\"t-entry-visual-overlay\"><div class=\"t-entry-visual-overlay-in style-dark-bg\" style=\"opacity: 0.5;\"><\/div><\/div><img decoding=\"async\" class=\"wp-image-79908\" src=\"https:\/\/www.rigasacappellafestivals.lv\/wp-content\/uploads\/2021\/12\/racf2022-uai-1011x674.png\" width=\"1011\" height=\"674\" alt=\"\" srcset=\"https:\/\/www.rigasacappellafestivals.lv\/wp-content\/uploads\/2021\/12\/racf2022-uai-1011x674.png 1011w, https:\/\/www.rigasacappellafestivals.lv\/wp-content\/uploads\/2021\/12\/racf2022-uai-720x480.png 720w\" sizes=\"(max-width: 1011px) 100vw, 1011px\" \/><\/a><\/div>\n\t\t\t\t\t<\/div>\n\t\t\t\t<\/div><div class=\"t-entry-text\">\n\t\t\t\t\t\t\t\t\t<div class=\"t-entry-text-tc single-block-padding\"><div class=\"t-entry\"><p class=\"t-entry-meta\"><span class=\"t-entry-date\">July 6, 2024<\/span><\/p><h2 class=\"t-entry-title h4 fontheight-357766 fontspace-781688 title-scale\"><a href=\"https:\/\/www.rigasacappellafestivals.lv\/en\/rigas-acappella-festivals-sporta-2\/\" target=\"_self\">2024 Riga A Cappella Festival's new programme New Choral Sounds will take place from 6 to 9 November in the Sport 2 quarter<\/a><\/h2><div class=\"t-entry-excerpt\"><p>New programme concerts and industry meetings!\n<\/p><\/div><\/div><\/div>\n\t\t\t\t\t\t\t<\/div><\/div><\/div><div class=\"tmb atc-typography-inherit tmb-iso-w4 tmb-iso-h4 tmb-round img-round-xs tmb-light tmb-text-showed tmb-content-left tmb-image-anim tmb-shadowed tmb-shadowed-sm  grid-cat-108 tmb-id-80048 tmb-img-ratio tmb-content-under tmb-media-first\" ><div class=\"t-inside style-color-xsdn-bg animate_when_almost_visible bottom-t-top\" data-delay=\"200\"><div class=\"t-entry-visual\"><div class=\"t-entry-visual-tc\"><div class=\"t-entry-visual-cont\"><span class=\"t-cat-over single-block-padding t-cat-over-topright\"><span class=\"t-entry-category t-entry-category-108 t-cat-over-inner\"><a class=\"style-accent-bg tmb-term-evidence font-ui\" href=\"https:\/\/www.rigasacappellafestivals.lv\/en\/category\/jaunumi\/\">News<\/a><\/span><\/span><div class=\"dummy\" style=\"padding-top: 66.7%;\"><\/div><a role=\"button\" tabindex=\"-1\" href=\"https:\/\/www.rigasacappellafestivals.lv\/en\/kora-muzikas-perles\/\" class=\"pushed\" target=\"_self\" data-lb-index=\"4\"><div class=\"t-entry-visual-overlay\"><div class=\"t-entry-visual-overlay-in style-dark-bg\" style=\"opacity: 0.5;\"><\/div><\/div><img decoding=\"async\" class=\"wp-image-80042\" src=\"https:\/\/www.rigasacappellafestivals.lv\/wp-content\/uploads\/2023\/10\/kora_muzikas_perles_soctikli-RGB_FB-event-1220x628-copy-uai-942x628.png\" width=\"942\" height=\"628\" alt=\"\" srcset=\"https:\/\/www.rigasacappellafestivals.lv\/wp-content\/uploads\/2023\/10\/kora_muzikas_perles_soctikli-RGB_FB-event-1220x628-copy-uai-942x628.png 942w, https:\/\/www.rigasacappellafestivals.lv\/wp-content\/uploads\/2023\/10\/kora_muzikas_perles_soctikli-RGB_FB-event-1220x628-copy-uai-720x480.png 720w\" sizes=\"(max-width: 942px) 100vw, 942px\" \/><\/a><\/div>\n\t\t\t\t\t<\/div>\n\t\t\t\t<\/div><div class=\"t-entry-text\">\n\t\t\t\t\t\t\t\t\t<div class=\"t-entry-text-tc single-block-padding\"><div class=\"t-entry\"><p class=\"t-entry-meta\"><span class=\"t-entry-date\">September 22, 2023<\/span><\/p><h2 class=\"t-entry-title h4 fontheight-357766 fontspace-781688 title-scale\"><a href=\"https:\/\/www.rigasacappellafestivals.lv\/en\/kora-muzikas-perles\/\" target=\"_self\">Gems of choral music<\/a><\/h2><div class=\"t-entry-excerpt\"><p>Gems of choral music on 2 November in the Great Hall of the Sports 2 Quarter\n<\/p><\/div><\/div><\/div>\n\t\t\t\t\t\t\t<\/div><\/div><\/div><div class=\"tmb atc-typography-inherit tmb-iso-w4 tmb-iso-h4 tmb-round img-round-xs tmb-light tmb-text-showed tmb-content-left tmb-image-anim tmb-shadowed tmb-shadowed-sm  grid-cat-108 tmb-id-80056 tmb-img-ratio tmb-content-under tmb-media-first\" ><div class=\"t-inside style-color-xsdn-bg animate_when_almost_visible bottom-t-top\" data-delay=\"200\"><div class=\"t-entry-visual\"><div class=\"t-entry-visual-tc\"><div class=\"t-entry-visual-cont\"><span class=\"t-cat-over single-block-padding t-cat-over-topright\"><span class=\"t-entry-category t-entry-category-108 t-cat-over-inner\"><a class=\"style-accent-bg tmb-term-evidence font-ui\" href=\"https:\/\/www.rigasacappellafestivals.lv\/en\/category\/jaunumi\/\">News<\/a><\/span><\/span><div class=\"dummy\" style=\"padding-top: 66.7%;\"><\/div><a role=\"button\" tabindex=\"-1\" href=\"https:\/\/www.rigasacappellafestivals.lv\/en\/puteklu-cilveks\/\" class=\"pushed\" target=\"_self\" data-lb-index=\"5\"><div class=\"t-entry-visual-overlay\"><div class=\"t-entry-visual-overlay-in style-dark-bg\" style=\"opacity: 0.5;\"><\/div><\/div><img decoding=\"async\" class=\"wp-image-80030\" src=\"https:\/\/www.rigasacappellafestivals.lv\/wp-content\/uploads\/2023\/10\/puteklu_cilveks__FB-event-1220x628-1-uai-942x628.png\" width=\"942\" height=\"628\" alt=\"\" srcset=\"https:\/\/www.rigasacappellafestivals.lv\/wp-content\/uploads\/2023\/10\/puteklu_cilveks__FB-event-1220x628-1-uai-942x628.png 942w, https:\/\/www.rigasacappellafestivals.lv\/wp-content\/uploads\/2023\/10\/puteklu_cilveks__FB-event-1220x628-1-uai-720x480.png 720w\" sizes=\"(max-width: 942px) 100vw, 942px\" \/><\/a><\/div>\n\t\t\t\t\t<\/div>\n\t\t\t\t<\/div><div class=\"t-entry-text\">\n\t\t\t\t\t\t\t\t\t<div class=\"t-entry-text-tc single-block-padding\"><div class=\"t-entry\"><p class=\"t-entry-meta\"><span class=\"t-entry-date\">September 21, 2023<\/span><\/p><h2 class=\"t-entry-title h4 fontheight-357766 fontspace-781688 title-scale\"><a href=\"https:\/\/www.rigasacappellafestivals.lv\/en\/puteklu-cilveks\/\" target=\"_self\">Dust man. Concert for voices and electronics<\/a><\/h2><div class=\"t-entry-excerpt\"><p>Premiere on 1 November in the Grand Hall of the Sports 2 Quarter\n<\/p><\/div><\/div><\/div>\n\t\t\t\t\t\t\t<\/div><\/div><\/div>\t\t<\/div>\t\n\t\n\n\t<\/div>\t\t\t<div class=\"isotope-footer grid-footer style-light without-bg half-gutter\">\n\t\t\t\t\t\t\t\t\t<div class=\"isotope-footer-inner grid-footer-inner text-center\">\n\t\t\t\t\t\t\t<ul class='pagination'>\n\t\t\t\t\t\t\t\t\t\t\t\t\t\t\t\t\t<li class=\"page-prev\"><span class=\"btn btn-link btn-disable-hover\"><i class=\"fa fa-angle-left\"><\/i><\/a><\/li>\n\t\t\t\t\t\t\t\t\n\t\t\t\t\t\t\t\t\t\t\t\t\t\t\t\t\t<li><span class=\"btn btn-link text-default-color\"><span aria-current=\"page\" class=\"page-numbers current\">1<\/span><\/span><\/li>\n\t\t\t\t\t\t\t\t\t\t\t\t\t\t\t\t\t<li><span class=\"btn btn-link text-default-color\"><a class=\"page-numbers\" href=\"https:\/\/www.rigasacappellafestivals.lv\/en\/wp-json\/wp\/v2\/pages\/4327\/page\/2\">2<\/a><\/span><\/li>\n\t\t\t\t\t\t\t\t\t\t\t\t\t\t\t\t\t<li><span class=\"btn btn-link text-default-color\"><a class=\"page-numbers\" href=\"https:\/\/www.rigasacappellafestivals.lv\/en\/wp-json\/wp\/v2\/pages\/4327\/page\/3\">3<\/a><\/span><\/li>\n\t\t\t\t\t\t\t\t\t\t\t\t\t\t\t\t\t<li><span class=\"btn btn-link text-default-color\"><span class=\"page-numbers dots\">&hellip;<\/span><\/span><\/li>\n\t\t\t\t\t\t\t\t\t\t\t\t\t\t\t\t\t<li><span class=\"btn btn-link text-default-color\"><a class=\"page-numbers\" href=\"https:\/\/www.rigasacappellafestivals.lv\/en\/wp-json\/wp\/v2\/pages\/4327\/page\/6\">6<\/a><\/span><\/li>\n\t\t\t\t\t\t\t\t\n\t\t\t\t\t\t\t\t\t\t\t\t\t\t\t\t\t<li class=\"page-next\"><a class=\"btn btn-link text-default-color\" href=\"https:\/\/www.rigasacappellafestivals.lv\/en\/wp-json\/wp\/v2\/pages\/4327\/page\/2\" aria-label=\"Next\"><i class=\"fa fa-angle-right\"><\/i><\/a><\/li>\n\n\t\t\t\t\t\t\t\t\t\t\t\t\t\t\t<\/ul>\n\t\t\t\t\t\t<\/div>\n\t\t\t\t\t\t\t<\/div>\n\t\t\t\t<\/div>\n<\/div><\/div><\/div><\/div><\/div><script id=\"script-row-unique-0\" data-row=\"script-row-unique-0\" type=\"text\/javascript\" class=\"vc_controls\">UNCODE.initRow(document.getElementById(\"row-unique-0\"));<\/script><\/div><\/div><\/div>\n<\/div>","protected":false},"excerpt":{"rendered":"<p>Read latest news<\/p>","protected":false},"author":1,"featured_media":65489,"parent":0,"menu_order":0,"comment_status":"open","ping_status":"closed","template":"","meta":{"_monsterinsights_skip_tracking":false,"_monsterinsights_sitenote_active":false,"_monsterinsights_sitenote_note":"","_monsterinsights_sitenote_category":0,"_uf_show_specific_survey":0,"_uf_disable_surveys":false,"footnotes":""},"class_list":["post-4327","page","type-page","status-publish","has-post-thumbnail","hentry"],"yoast_head":"<!-- This site is optimized with the Yoast SEO plugin v26.2 - https:\/\/yoast.com\/wordpress\/plugins\/seo\/ -->\n<title>Jaunumi -<\/title>\n<meta name=\"robots\" content=\"index, follow, max-snippet:-1, max-image-preview:large, max-video-preview:-1\" \/>\n<link rel=\"canonical\" href=\"https:\/\/www.rigasacappellafestivals.lv\/en\/jaunumi\/\" \/>\n<meta property=\"og:locale\" content=\"en_US\" \/>\n<meta property=\"og:type\" content=\"article\" \/>\n<meta property=\"og:title\" content=\"Jaunumi -\" \/>\n<meta property=\"og:description\" content=\"Lasi jaun\u0101k\u0101s zi\u0146as\" \/>\n<meta property=\"og:url\" content=\"https:\/\/www.rigasacappellafestivals.lv\/en\/jaunumi\/\" \/>\n<meta property=\"article:publisher\" content=\"https:\/\/www.facebook.com\/acappellariga\" \/>\n<meta property=\"article:modified_time\" content=\"2019-04-26T12:09:21+00:00\" \/>\n<meta property=\"og:image\" content=\"https:\/\/www.rigasacappellafestivals.lv\/wp-content\/uploads\/2017\/08\/RACF-2016-web-DSC_6770-BW.jpg\" \/>\n\t<meta property=\"og:image:width\" content=\"1200\" \/>\n\t<meta property=\"og:image:height\" content=\"801\" \/>\n\t<meta property=\"og:image:type\" content=\"image\/jpeg\" \/>\n<meta name=\"twitter:card\" content=\"summary_large_image\" \/>\n<meta name=\"twitter:site\" content=\"@acappellariga\" \/>\n<meta name=\"twitter:label1\" content=\"Est. reading time\" \/>\n\t<meta name=\"twitter:data1\" content=\"1 minute\" \/>\n<script type=\"application\/ld+json\" class=\"yoast-schema-graph\">{\"@context\":\"https:\/\/schema.org\",\"@graph\":[{\"@type\":\"WebPage\",\"@id\":\"https:\/\/www.rigasacappellafestivals.lv\/jaunumi\/\",\"url\":\"https:\/\/www.rigasacappellafestivals.lv\/jaunumi\/\",\"name\":\"Jaunumi -\",\"isPartOf\":{\"@id\":\"https:\/\/www.rigasacappellafestivals.lv\/#website\"},\"primaryImageOfPage\":{\"@id\":\"https:\/\/www.rigasacappellafestivals.lv\/jaunumi\/#primaryimage\"},\"image\":{\"@id\":\"https:\/\/www.rigasacappellafestivals.lv\/jaunumi\/#primaryimage\"},\"thumbnailUrl\":\"https:\/\/www.rigasacappellafestivals.lv\/wp-content\/uploads\/2017\/08\/RACF-2016-web-DSC_6770-BW.jpg\",\"datePublished\":\"2014-12-17T16:47:37+00:00\",\"dateModified\":\"2019-04-26T12:09:21+00:00\",\"breadcrumb\":{\"@id\":\"https:\/\/www.rigasacappellafestivals.lv\/jaunumi\/#breadcrumb\"},\"inLanguage\":\"en-US\",\"potentialAction\":[{\"@type\":\"ReadAction\",\"target\":[\"https:\/\/www.rigasacappellafestivals.lv\/jaunumi\/\"]}]},{\"@type\":\"ImageObject\",\"inLanguage\":\"en-US\",\"@id\":\"https:\/\/www.rigasacappellafestivals.lv\/jaunumi\/#primaryimage\",\"url\":\"https:\/\/www.rigasacappellafestivals.lv\/wp-content\/uploads\/2017\/08\/RACF-2016-web-DSC_6770-BW.jpg\",\"contentUrl\":\"https:\/\/www.rigasacappellafestivals.lv\/wp-content\/uploads\/2017\/08\/RACF-2016-web-DSC_6770-BW.jpg\",\"width\":1200,\"height\":801,\"caption\":\"RACF-2016-web\"},{\"@type\":\"BreadcrumbList\",\"@id\":\"https:\/\/www.rigasacappellafestivals.lv\/jaunumi\/#breadcrumb\",\"itemListElement\":[{\"@type\":\"ListItem\",\"position\":1,\"name\":\"Home\",\"item\":\"https:\/\/www.rigasacappellafestivals.lv\/\"},{\"@type\":\"ListItem\",\"position\":2,\"name\":\"Jaunumi\"}]},{\"@type\":\"WebSite\",\"@id\":\"https:\/\/www.rigasacappellafestivals.lv\/#website\",\"url\":\"https:\/\/www.rigasacappellafestivals.lv\/\",\"name\":\"R\u012bgas A Cappella festiv\u0101ls\",\"description\":\"\",\"publisher\":{\"@id\":\"https:\/\/www.rigasacappellafestivals.lv\/#organization\"},\"potentialAction\":[{\"@type\":\"SearchAction\",\"target\":{\"@type\":\"EntryPoint\",\"urlTemplate\":\"https:\/\/www.rigasacappellafestivals.lv\/?s={search_term_string}\"},\"query-input\":{\"@type\":\"PropertyValueSpecification\",\"valueRequired\":true,\"valueName\":\"search_term_string\"}}],\"inLanguage\":\"en-US\"},{\"@type\":\"Organization\",\"@id\":\"https:\/\/www.rigasacappellafestivals.lv\/#organization\",\"name\":\"R\u012bgas A Cappella festiv\u0101ls\",\"url\":\"https:\/\/www.rigasacappellafestivals.lv\/\",\"logo\":{\"@type\":\"ImageObject\",\"inLanguage\":\"en-US\",\"@id\":\"https:\/\/www.rigasacappellafestivals.lv\/#\/schema\/logo\/image\/\",\"url\":\"https:\/\/www.rigasacappellafestivals.lv\/wp-content\/uploads\/2018\/11\/cropped-black_1-01.png\",\"contentUrl\":\"https:\/\/www.rigasacappellafestivals.lv\/wp-content\/uploads\/2018\/11\/cropped-black_1-01.png\",\"width\":512,\"height\":512,\"caption\":\"R\u012bgas A Cappella festiv\u0101ls\"},\"image\":{\"@id\":\"https:\/\/www.rigasacappellafestivals.lv\/#\/schema\/logo\/image\/\"},\"sameAs\":[\"https:\/\/www.facebook.com\/acappellariga\",\"https:\/\/x.com\/acappellariga\",\"https:\/\/www.instagram.com\/rigasacappellafestivals\/\"]}]}<\/script>\n<!-- \/ Yoast SEO plugin. -->","yoast_head_json":{"title":"Jaunumi -","robots":{"index":"index","follow":"follow","max-snippet":"max-snippet:-1","max-image-preview":"max-image-preview:large","max-video-preview":"max-video-preview:-1"},"canonical":"https:\/\/www.rigasacappellafestivals.lv\/en\/jaunumi\/","og_locale":"en_US","og_type":"article","og_title":"Jaunumi -","og_description":"Lasi jaun\u0101k\u0101s zi\u0146as","og_url":"https:\/\/www.rigasacappellafestivals.lv\/en\/jaunumi\/","article_publisher":"https:\/\/www.facebook.com\/acappellariga","article_modified_time":"2019-04-26T12:09:21+00:00","og_image":[{"width":1200,"height":801,"url":"https:\/\/www.rigasacappellafestivals.lv\/wp-content\/uploads\/2017\/08\/RACF-2016-web-DSC_6770-BW.jpg","type":"image\/jpeg"}],"twitter_card":"summary_large_image","twitter_site":"@acappellariga","twitter_misc":{"Est. reading time":"1 minute"},"schema":{"@context":"https:\/\/schema.org","@graph":[{"@type":"WebPage","@id":"https:\/\/www.rigasacappellafestivals.lv\/jaunumi\/","url":"https:\/\/www.rigasacappellafestivals.lv\/jaunumi\/","name":"Jaunumi -","isPartOf":{"@id":"https:\/\/www.rigasacappellafestivals.lv\/#website"},"primaryImageOfPage":{"@id":"https:\/\/www.rigasacappellafestivals.lv\/jaunumi\/#primaryimage"},"image":{"@id":"https:\/\/www.rigasacappellafestivals.lv\/jaunumi\/#primaryimage"},"thumbnailUrl":"https:\/\/www.rigasacappellafestivals.lv\/wp-content\/uploads\/2017\/08\/RACF-2016-web-DSC_6770-BW.jpg","datePublished":"2014-12-17T16:47:37+00:00","dateModified":"2019-04-26T12:09:21+00:00","breadcrumb":{"@id":"https:\/\/www.rigasacappellafestivals.lv\/jaunumi\/#breadcrumb"},"inLanguage":"en-US","potentialAction":[{"@type":"ReadAction","target":["https:\/\/www.rigasacappellafestivals.lv\/jaunumi\/"]}]},{"@type":"ImageObject","inLanguage":"en-US","@id":"https:\/\/www.rigasacappellafestivals.lv\/jaunumi\/#primaryimage","url":"https:\/\/www.rigasacappellafestivals.lv\/wp-content\/uploads\/2017\/08\/RACF-2016-web-DSC_6770-BW.jpg","contentUrl":"https:\/\/www.rigasacappellafestivals.lv\/wp-content\/uploads\/2017\/08\/RACF-2016-web-DSC_6770-BW.jpg","width":1200,"height":801,"caption":"RACF-2016-web"},{"@type":"BreadcrumbList","@id":"https:\/\/www.rigasacappellafestivals.lv\/jaunumi\/#breadcrumb","itemListElement":[{"@type":"ListItem","position":1,"name":"Home","item":"https:\/\/www.rigasacappellafestivals.lv\/"},{"@type":"ListItem","position":2,"name":"Jaunumi"}]},{"@type":"WebSite","@id":"https:\/\/www.rigasacappellafestivals.lv\/#website","url":"https:\/\/www.rigasacappellafestivals.lv\/","name":"R\u012bgas A Cappella festiv\u0101ls","description":"","publisher":{"@id":"https:\/\/www.rigasacappellafestivals.lv\/#organization"},"potentialAction":[{"@type":"SearchAction","target":{"@type":"EntryPoint","urlTemplate":"https:\/\/www.rigasacappellafestivals.lv\/?s={search_term_string}"},"query-input":{"@type":"PropertyValueSpecification","valueRequired":true,"valueName":"search_term_string"}}],"inLanguage":"en-US"},{"@type":"Organization","@id":"https:\/\/www.rigasacappellafestivals.lv\/#organization","name":"R\u012bgas A Cappella festiv\u0101ls","url":"https:\/\/www.rigasacappellafestivals.lv\/","logo":{"@type":"ImageObject","inLanguage":"en-US","@id":"https:\/\/www.rigasacappellafestivals.lv\/#\/schema\/logo\/image\/","url":"https:\/\/www.rigasacappellafestivals.lv\/wp-content\/uploads\/2018\/11\/cropped-black_1-01.png","contentUrl":"https:\/\/www.rigasacappellafestivals.lv\/wp-content\/uploads\/2018\/11\/cropped-black_1-01.png","width":512,"height":512,"caption":"R\u012bgas A Cappella festiv\u0101ls"},"image":{"@id":"https:\/\/www.rigasacappellafestivals.lv\/#\/schema\/logo\/image\/"},"sameAs":["https:\/\/www.facebook.com\/acappellariga","https:\/\/x.com\/acappellariga","https:\/\/www.instagram.com\/rigasacappellafestivals\/"]}]}},"_links":{"self":[{"href":"https:\/\/www.rigasacappellafestivals.lv\/en\/wp-json\/wp\/v2\/pages\/4327","targetHints":{"allow":["GET"]}}],"collection":[{"href":"https:\/\/www.rigasacappellafestivals.lv\/en\/wp-json\/wp\/v2\/pages"}],"about":[{"href":"https:\/\/www.rigasacappellafestivals.lv\/en\/wp-json\/wp\/v2\/types\/page"}],"author":[{"embeddable":true,"href":"https:\/\/www.rigasacappellafestivals.lv\/en\/wp-json\/wp\/v2\/users\/1"}],"replies":[{"embeddable":true,"href":"https:\/\/www.rigasacappellafestivals.lv\/en\/wp-json\/wp\/v2\/comments?post=4327"}],"version-history":[{"count":6,"href":"https:\/\/www.rigasacappellafestivals.lv\/en\/wp-json\/wp\/v2\/pages\/4327\/revisions"}],"predecessor-version":[{"id":78980,"href":"https:\/\/www.rigasacappellafestivals.lv\/en\/wp-json\/wp\/v2\/pages\/4327\/revisions\/78980"}],"wp:featuredmedia":[{"embeddable":true,"href":"https:\/\/www.rigasacappellafestivals.lv\/en\/wp-json\/wp\/v2\/media\/65489"}],"wp:attachment":[{"href":"https:\/\/www.rigasacappellafestivals.lv\/en\/wp-json\/wp\/v2\/media?parent=4327"}],"curies":[{"name":"wp","href":"https:\/\/api.w.org\/{rel}","templated":true}]}}