{"id":79775,"date":"2021-10-04T14:35:54","date_gmt":"2021-10-04T14:35:54","guid":{"rendered":"https:\/\/www.rigasacappellafestivals.lv\/?page_id=79775"},"modified":"2023-01-21T23:32:18","modified_gmt":"2023-01-21T23:32:18","slug":"jaunumi-un-piedavajumi","status":"publish","type":"page","link":"https:\/\/www.rigasacappellafestivals.lv\/en\/jaunumi-un-piedavajumi\/","title":{"rendered":"Jaunumi un pied\u0101v\u0101jumi"},"content":{"rendered":"<div class=\"wpb-content-wrapper\"><div data-parent=\"true\" class=\"vc_row style-color-jevc-bg row-container onepage-section\" data-label=\"Welcome\" data-name=\"welcome\" id=\"row-unique-0\"><div class=\"row-background background-element\">\n\t\t\t\t\t\t\t\t\t\t\t<div class=\"background-wrapper\">\n\t\t\t\t\t\t\t\t\t\t\t\t<div class=\"background-inner\" style=\"background-image: url(https:\/\/www.rigasacappellafestivals.lv\/wp-content\/uploads\/2021\/12\/racf2022.png);background-repeat: no-repeat;background-position: center center;background-attachment: scroll;background-size: cover;\"><\/div>\n\t\t\t\t\t\t\t\t\t\t\t\t<div class=\"block-bg-overlay style-color-jevc-bg\" style=\"opacity: 0.6;\"><\/div>\n\t\t\t\t\t\t\t\t\t\t\t<\/div>\n\t\t\t\t\t\t\t\t\t\t<\/div><div class=\"row unequal col-no-gutter single-top-padding quad-bottom-padding single-h-padding limit-width row-parent\" data-height-ratio=\"full\"><div class=\"wpb_row row-inner\"><div class=\"wpb_column pos-bottom pos-center align_center column_parent col-lg-12 single-internal-gutter\"><div class=\"uncol style-dark\"  ><div class=\"uncoltable\"><div class=\"uncell no-block-padding\" ><div class=\"uncont\" ><div class=\"vc_row row-internal row-container\"><div class=\"row row-child\"><div class=\"wpb_row row-inner\"><div class=\"wpb_column pos-middle pos-center align_center column_child col-lg-12 single-internal-gutter\"><div class=\"uncol style-dark\" ><div class=\"uncoltable\"><div class=\"uncell no-block-padding\" ><div class=\"uncont\" ><div class=\"vc_custom_heading_wrap\"><div class=\"heading-text el-text top-t-bottom animate_when_almost_visible\" data-delay=\"200\"><h1 class=\"font-156269 fontsize-445851 text-uppercase\" ><span>Piesakies jaunumiem<\/span><\/h1><\/div><div class=\"clear\"><\/div><\/div><\/div><\/div><\/div><\/div><\/div><\/div><\/div><\/div><div class=\"vc_row row-internal row-container\"><div class=\"row row-child\"><div class=\"wpb_row row-inner\"><div class=\"wpb_column pos-middle pos-center align_center column_child col-lg-12 single-internal-gutter\"><div class=\"uncol style-dark\" ><div class=\"uncoltable\"><div class=\"uncell no-block-padding\" ><div class=\"uncont\" style=\" max-width:744px;\" ><div class=\"uncode_text_column text-lead bottom-t-top animate_when_almost_visible\" data-delay=\"600\"><p>Sa\u0146em ekskluz\u012bvus pied\u0101v\u0101jumus un jaunumus no R\u012bgas A Cappella festiv\u0101la!<\/p>\n<\/div><\/div><\/div><\/div><\/div><\/div><\/div><\/div><\/div><div class=\"vc_row row-internal row-container\"><div class=\"row row-child\"><div class=\"wpb_row row-inner\"><div class=\"wpb_column pos-top pos-center align_center column_child col-lg-12 single-internal-gutter\"><div class=\"uncol style-light\" ><div class=\"uncoltable\"><div class=\"uncell no-block-padding\" ><div class=\"uncont\" style=\" max-width:900px;\" >\n<div class=\"wpcf7 no-js\" id=\"wpcf7-f79792-o1\" lang=\"en-US\" dir=\"ltr\" data-wpcf7-id=\"79792\">\n<div class=\"screen-reader-response\"><p role=\"status\" aria-live=\"polite\" aria-atomic=\"true\"><\/p> <ul><\/ul><\/div>\n<form action=\"\/en\/wp-json\/wp\/v2\/pages\/79775#wpcf7-f79792-o1\" method=\"post\" class=\"wpcf7-form init\" aria-label=\"Contact form\" novalidate=\"novalidate\" data-status=\"init\" data-trp-original-action=\"\/en\/wp-json\/wp\/v2\/pages\/79775#wpcf7-f79792-o1\">\n<fieldset class=\"hidden-fields-container\"><input type=\"hidden\" name=\"_wpcf7\" value=\"79792\" \/><input type=\"hidden\" name=\"_wpcf7_version\" value=\"6.1.3\" \/><input type=\"hidden\" name=\"_wpcf7_locale\" value=\"en_US\" \/><input type=\"hidden\" name=\"_wpcf7_unit_tag\" value=\"wpcf7-f79792-o1\" \/><input type=\"hidden\" name=\"_wpcf7_container_post\" value=\"0\" \/><input type=\"hidden\" name=\"_wpcf7_posted_data_hash\" value=\"\" \/><input type=\"hidden\" name=\"_wpcf7_recaptcha_response\" value=\"\" \/>\n<\/fieldset>\n<div class=\"wpcf7-inline-wrapper\">\n\t<p class=\"wpcf7-inline-field\"><span class=\"wpcf7-form-control-wrap\" data-name=\"your-first-name\"><input size=\"40\" maxlength=\"400\" class=\"wpcf7-form-control wpcf7-text wpcf7-validates-as-required\" aria-required=\"true\" aria-invalid=\"false\" placeholder=\"V\u0101rds *\" value=\"\" type=\"text\" name=\"your-first-name\" \/><\/span>\n\t<\/p>\n\t<p class=\"wpcf7-inline-field\"><span class=\"wpcf7-form-control-wrap\" data-name=\"your-last-name\"><input size=\"40\" maxlength=\"400\" class=\"wpcf7-form-control wpcf7-text wpcf7-validates-as-required\" aria-required=\"true\" aria-invalid=\"false\" placeholder=\"Uzv\u0101rds *\" value=\"\" type=\"text\" name=\"your-last-name\" \/><\/span>\n\t<\/p>\n<\/div>\n<div class=\"wpcf7-inline-wrapper\">\n\t<p class=\"wpcf7-inline-field\"><span class=\"wpcf7-form-control-wrap\" data-name=\"your-email\"><input size=\"40\" maxlength=\"400\" class=\"wpcf7-form-control wpcf7-text wpcf7-validates-as-required\" aria-required=\"true\" aria-invalid=\"false\" placeholder=\"E-pasts *\" value=\"\" type=\"text\" name=\"your-email\" \/><\/span>\n\t<\/p>\n\t<p class=\"wpcf7-inline-field\"><span class=\"wpcf7-form-control-wrap\" data-name=\"your-tel\"><input size=\"40\" maxlength=\"400\" class=\"wpcf7-form-control wpcf7-tel wpcf7-validates-as-required wpcf7-text wpcf7-validates-as-tel\" aria-required=\"true\" aria-invalid=\"false\" placeholder=\"Telefons *\" value=\"\" type=\"tel\" name=\"your-tel\" \/><\/span>\n\t<\/p>\n<\/div>\n<p style=\"display: none\"><span class=\"wpcf7-form-control-wrap\" data-name=\"your-message\"><textarea cols=\"40\" rows=\"10\" maxlength=\"2000\" class=\"wpcf7-form-control wpcf7-textarea\" aria-invalid=\"false\" placeholder=\"Zi\u0146a\" name=\"your-message\"><\/textarea><\/span>\n<\/p>\n<p><input class=\"wpcf7-form-control wpcf7-submit has-spinner btn btn-accent btn-flat btn-shadow-sm\" type=\"submit\" value=\"Pieteikties\" \/>\n<\/p><p style=\"display: none !important;\" class=\"akismet-fields-container\" data-prefix=\"_wpcf7_ak_\"><label>&#916;<textarea name=\"_wpcf7_ak_hp_textarea\" cols=\"45\" rows=\"8\" maxlength=\"100\"><\/textarea><\/label><input type=\"hidden\" id=\"ak_js_1\" name=\"_wpcf7_ak_js\" value=\"53\"\/><script>document.getElementById( \"ak_js_1\" ).setAttribute( \"value\", ( new Date() ).getTime() );<\/script><\/p><div class=\"wpcf7-response-output\" aria-hidden=\"true\"><\/div>\n<input type=\"hidden\" name=\"trp-form-language\" value=\"en\"\/><\/form>\n<\/div>\n<\/div><\/div><\/div><\/div><\/div><\/div><\/div><\/div><\/div><\/div><\/div><\/div><\/div><script id=\"script-row-unique-0\" data-row=\"script-row-unique-0\" type=\"text\/javascript\" class=\"vc_controls\">UNCODE.initRow(document.getElementById(\"row-unique-0\"));<\/script><\/div><\/div><\/div>\n<\/div>","protected":false},"excerpt":{"rendered":"Piesakies jaunumiemSa\u0146em ekskluz\u012bvus pied\u0101v\u0101jumus un jaunumus no R\u012bgas A Cappella festiv\u0101la! &#916;","protected":false},"author":1,"featured_media":79908,"parent":0,"menu_order":0,"comment_status":"closed","ping_status":"closed","template":"","meta":{"_monsterinsights_skip_tracking":false,"_monsterinsights_sitenote_active":false,"_monsterinsights_sitenote_note":"","_monsterinsights_sitenote_category":0,"_uf_show_specific_survey":0,"_uf_disable_surveys":false,"footnotes":""},"class_list":["post-79775","page","type-page","status-publish","has-post-thumbnail","hentry"],"yoast_head":"<!-- This site is optimized with the Yoast SEO plugin v26.2 - https:\/\/yoast.com\/wordpress\/plugins\/seo\/ -->\n<title>Jaunumi un pied\u0101v\u0101jumi -<\/title>\n<meta name=\"robots\" content=\"index, follow, max-snippet:-1, max-image-preview:large, max-video-preview:-1\" \/>\n<link rel=\"canonical\" href=\"https:\/\/www.rigasacappellafestivals.lv\/en\/jaunumi-un-piedavajumi\/\" \/>\n<meta property=\"og:locale\" content=\"en_US\" \/>\n<meta property=\"og:type\" content=\"article\" \/>\n<meta property=\"og:title\" content=\"Jaunumi un pied\u0101v\u0101jumi -\" \/>\n<meta property=\"og:url\" content=\"https:\/\/www.rigasacappellafestivals.lv\/en\/jaunumi-un-piedavajumi\/\" \/>\n<meta property=\"article:publisher\" content=\"https:\/\/www.facebook.com\/acappellariga\" \/>\n<meta property=\"article:modified_time\" content=\"2023-01-21T23:32:18+00:00\" \/>\n<meta property=\"og:image\" content=\"https:\/\/www.rigasacappellafestivals.lv\/wp-content\/uploads\/2021\/12\/racf2022.png\" \/>\n\t<meta property=\"og:image:width\" content=\"1123\" \/>\n\t<meta property=\"og:image:height\" content=\"674\" \/>\n\t<meta property=\"og:image:type\" content=\"image\/png\" \/>\n<meta name=\"twitter:card\" content=\"summary_large_image\" \/>\n<meta name=\"twitter:site\" content=\"@acappellariga\" \/>\n<meta name=\"twitter:label1\" content=\"Est. reading time\" \/>\n\t<meta name=\"twitter:data1\" content=\"1 minute\" \/>\n<script type=\"application\/ld+json\" class=\"yoast-schema-graph\">{\"@context\":\"https:\/\/schema.org\",\"@graph\":[{\"@type\":\"WebPage\",\"@id\":\"https:\/\/www.rigasacappellafestivals.lv\/jaunumi-un-piedavajumi\/\",\"url\":\"https:\/\/www.rigasacappellafestivals.lv\/jaunumi-un-piedavajumi\/\",\"name\":\"Jaunumi un pied\u0101v\u0101jumi -\",\"isPartOf\":{\"@id\":\"https:\/\/www.rigasacappellafestivals.lv\/#website\"},\"primaryImageOfPage\":{\"@id\":\"https:\/\/www.rigasacappellafestivals.lv\/jaunumi-un-piedavajumi\/#primaryimage\"},\"image\":{\"@id\":\"https:\/\/www.rigasacappellafestivals.lv\/jaunumi-un-piedavajumi\/#primaryimage\"},\"thumbnailUrl\":\"https:\/\/www.rigasacappellafestivals.lv\/wp-content\/uploads\/2021\/12\/racf2022.png\",\"datePublished\":\"2021-10-04T14:35:54+00:00\",\"dateModified\":\"2023-01-21T23:32:18+00:00\",\"breadcrumb\":{\"@id\":\"https:\/\/www.rigasacappellafestivals.lv\/jaunumi-un-piedavajumi\/#breadcrumb\"},\"inLanguage\":\"en-US\",\"potentialAction\":[{\"@type\":\"ReadAction\",\"target\":[\"https:\/\/www.rigasacappellafestivals.lv\/jaunumi-un-piedavajumi\/\"]}]},{\"@type\":\"ImageObject\",\"inLanguage\":\"en-US\",\"@id\":\"https:\/\/www.rigasacappellafestivals.lv\/jaunumi-un-piedavajumi\/#primaryimage\",\"url\":\"https:\/\/www.rigasacappellafestivals.lv\/wp-content\/uploads\/2021\/12\/racf2022.png\",\"contentUrl\":\"https:\/\/www.rigasacappellafestivals.lv\/wp-content\/uploads\/2021\/12\/racf2022.png\",\"width\":1123,\"height\":674},{\"@type\":\"BreadcrumbList\",\"@id\":\"https:\/\/www.rigasacappellafestivals.lv\/jaunumi-un-piedavajumi\/#breadcrumb\",\"itemListElement\":[{\"@type\":\"ListItem\",\"position\":1,\"name\":\"Home\",\"item\":\"https:\/\/www.rigasacappellafestivals.lv\/\"},{\"@type\":\"ListItem\",\"position\":2,\"name\":\"Jaunumi un pied\u0101v\u0101jumi\"}]},{\"@type\":\"WebSite\",\"@id\":\"https:\/\/www.rigasacappellafestivals.lv\/#website\",\"url\":\"https:\/\/www.rigasacappellafestivals.lv\/\",\"name\":\"R\u012bgas A Cappella festiv\u0101ls\",\"description\":\"\",\"publisher\":{\"@id\":\"https:\/\/www.rigasacappellafestivals.lv\/#organization\"},\"potentialAction\":[{\"@type\":\"SearchAction\",\"target\":{\"@type\":\"EntryPoint\",\"urlTemplate\":\"https:\/\/www.rigasacappellafestivals.lv\/?s={search_term_string}\"},\"query-input\":{\"@type\":\"PropertyValueSpecification\",\"valueRequired\":true,\"valueName\":\"search_term_string\"}}],\"inLanguage\":\"en-US\"},{\"@type\":\"Organization\",\"@id\":\"https:\/\/www.rigasacappellafestivals.lv\/#organization\",\"name\":\"R\u012bgas A Cappella festiv\u0101ls\",\"url\":\"https:\/\/www.rigasacappellafestivals.lv\/\",\"logo\":{\"@type\":\"ImageObject\",\"inLanguage\":\"en-US\",\"@id\":\"https:\/\/www.rigasacappellafestivals.lv\/#\/schema\/logo\/image\/\",\"url\":\"https:\/\/www.rigasacappellafestivals.lv\/wp-content\/uploads\/2018\/11\/cropped-black_1-01.png\",\"contentUrl\":\"https:\/\/www.rigasacappellafestivals.lv\/wp-content\/uploads\/2018\/11\/cropped-black_1-01.png\",\"width\":512,\"height\":512,\"caption\":\"R\u012bgas A Cappella festiv\u0101ls\"},\"image\":{\"@id\":\"https:\/\/www.rigasacappellafestivals.lv\/#\/schema\/logo\/image\/\"},\"sameAs\":[\"https:\/\/www.facebook.com\/acappellariga\",\"https:\/\/x.com\/acappellariga\",\"https:\/\/www.instagram.com\/rigasacappellafestivals\/\"]}]}<\/script>\n<!-- \/ Yoast SEO plugin. -->","yoast_head_json":{"title":"Jaunumi un pied\u0101v\u0101jumi -","robots":{"index":"index","follow":"follow","max-snippet":"max-snippet:-1","max-image-preview":"max-image-preview:large","max-video-preview":"max-video-preview:-1"},"canonical":"https:\/\/www.rigasacappellafestivals.lv\/en\/jaunumi-un-piedavajumi\/","og_locale":"en_US","og_type":"article","og_title":"Jaunumi un pied\u0101v\u0101jumi -","og_url":"https:\/\/www.rigasacappellafestivals.lv\/en\/jaunumi-un-piedavajumi\/","article_publisher":"https:\/\/www.facebook.com\/acappellariga","article_modified_time":"2023-01-21T23:32:18+00:00","og_image":[{"width":1123,"height":674,"url":"https:\/\/www.rigasacappellafestivals.lv\/wp-content\/uploads\/2021\/12\/racf2022.png","type":"image\/png"}],"twitter_card":"summary_large_image","twitter_site":"@acappellariga","twitter_misc":{"Est. reading time":"1 minute"},"schema":{"@context":"https:\/\/schema.org","@graph":[{"@type":"WebPage","@id":"https:\/\/www.rigasacappellafestivals.lv\/jaunumi-un-piedavajumi\/","url":"https:\/\/www.rigasacappellafestivals.lv\/jaunumi-un-piedavajumi\/","name":"Jaunumi un pied\u0101v\u0101jumi -","isPartOf":{"@id":"https:\/\/www.rigasacappellafestivals.lv\/#website"},"primaryImageOfPage":{"@id":"https:\/\/www.rigasacappellafestivals.lv\/jaunumi-un-piedavajumi\/#primaryimage"},"image":{"@id":"https:\/\/www.rigasacappellafestivals.lv\/jaunumi-un-piedavajumi\/#primaryimage"},"thumbnailUrl":"https:\/\/www.rigasacappellafestivals.lv\/wp-content\/uploads\/2021\/12\/racf2022.png","datePublished":"2021-10-04T14:35:54+00:00","dateModified":"2023-01-21T23:32:18+00:00","breadcrumb":{"@id":"https:\/\/www.rigasacappellafestivals.lv\/jaunumi-un-piedavajumi\/#breadcrumb"},"inLanguage":"en-US","potentialAction":[{"@type":"ReadAction","target":["https:\/\/www.rigasacappellafestivals.lv\/jaunumi-un-piedavajumi\/"]}]},{"@type":"ImageObject","inLanguage":"en-US","@id":"https:\/\/www.rigasacappellafestivals.lv\/jaunumi-un-piedavajumi\/#primaryimage","url":"https:\/\/www.rigasacappellafestivals.lv\/wp-content\/uploads\/2021\/12\/racf2022.png","contentUrl":"https:\/\/www.rigasacappellafestivals.lv\/wp-content\/uploads\/2021\/12\/racf2022.png","width":1123,"height":674},{"@type":"BreadcrumbList","@id":"https:\/\/www.rigasacappellafestivals.lv\/jaunumi-un-piedavajumi\/#breadcrumb","itemListElement":[{"@type":"ListItem","position":1,"name":"Home","item":"https:\/\/www.rigasacappellafestivals.lv\/"},{"@type":"ListItem","position":2,"name":"Jaunumi un pied\u0101v\u0101jumi"}]},{"@type":"WebSite","@id":"https:\/\/www.rigasacappellafestivals.lv\/#website","url":"https:\/\/www.rigasacappellafestivals.lv\/","name":"R\u012bgas A Cappella festiv\u0101ls","description":"","publisher":{"@id":"https:\/\/www.rigasacappellafestivals.lv\/#organization"},"potentialAction":[{"@type":"SearchAction","target":{"@type":"EntryPoint","urlTemplate":"https:\/\/www.rigasacappellafestivals.lv\/?s={search_term_string}"},"query-input":{"@type":"PropertyValueSpecification","valueRequired":true,"valueName":"search_term_string"}}],"inLanguage":"en-US"},{"@type":"Organization","@id":"https:\/\/www.rigasacappellafestivals.lv\/#organization","name":"R\u012bgas A Cappella festiv\u0101ls","url":"https:\/\/www.rigasacappellafestivals.lv\/","logo":{"@type":"ImageObject","inLanguage":"en-US","@id":"https:\/\/www.rigasacappellafestivals.lv\/#\/schema\/logo\/image\/","url":"https:\/\/www.rigasacappellafestivals.lv\/wp-content\/uploads\/2018\/11\/cropped-black_1-01.png","contentUrl":"https:\/\/www.rigasacappellafestivals.lv\/wp-content\/uploads\/2018\/11\/cropped-black_1-01.png","width":512,"height":512,"caption":"R\u012bgas A Cappella festiv\u0101ls"},"image":{"@id":"https:\/\/www.rigasacappellafestivals.lv\/#\/schema\/logo\/image\/"},"sameAs":["https:\/\/www.facebook.com\/acappellariga","https:\/\/x.com\/acappellariga","https:\/\/www.instagram.com\/rigasacappellafestivals\/"]}]}},"_links":{"self":[{"href":"https:\/\/www.rigasacappellafestivals.lv\/en\/wp-json\/wp\/v2\/pages\/79775","targetHints":{"allow":["GET"]}}],"collection":[{"href":"https:\/\/www.rigasacappellafestivals.lv\/en\/wp-json\/wp\/v2\/pages"}],"about":[{"href":"https:\/\/www.rigasacappellafestivals.lv\/en\/wp-json\/wp\/v2\/types\/page"}],"author":[{"embeddable":true,"href":"https:\/\/www.rigasacappellafestivals.lv\/en\/wp-json\/wp\/v2\/users\/1"}],"replies":[{"embeddable":true,"href":"https:\/\/www.rigasacappellafestivals.lv\/en\/wp-json\/wp\/v2\/comments?post=79775"}],"version-history":[{"count":26,"href":"https:\/\/www.rigasacappellafestivals.lv\/en\/wp-json\/wp\/v2\/pages\/79775\/revisions"}],"predecessor-version":[{"id":79928,"href":"https:\/\/www.rigasacappellafestivals.lv\/en\/wp-json\/wp\/v2\/pages\/79775\/revisions\/79928"}],"wp:featuredmedia":[{"embeddable":true,"href":"https:\/\/www.rigasacappellafestivals.lv\/en\/wp-json\/wp\/v2\/media\/79908"}],"wp:attachment":[{"href":"https:\/\/www.rigasacappellafestivals.lv\/en\/wp-json\/wp\/v2\/media?parent=79775"}],"curies":[{"name":"wp","href":"https:\/\/api.w.org\/{rel}","templated":true}]}}